{"id":3461,"date":"2019-10-31T14:14:11","date_gmt":"2019-10-31T14:14:11","guid":{"rendered":"https:\/\/www.bratwurst.jp\/?page_id=3461"},"modified":"2019-10-31T14:14:11","modified_gmt":"2019-10-31T14:14:11","slug":"impressum","status":"publish","type":"page","link":"https:\/\/www.bratwurst.jp\/de\/impressum\/","title":{"rendered":"Impressum"},"content":{"rendered":"<p>[vc_row][vc_column][vc_column_text]<strong>Dienstanbieter<\/strong><\/p>\n<p>HoWe Wurstwaren KG<br \/>\nRegenstra\u00dfe 1<br \/>\n90451 N\u00fcrnberg<\/p>\n<p>Komplement\u00e4rin: Sabine\u00a0St\u00fchler<br \/>\nEinzelprokura: Florian Hoene\u00df<\/p>\n<p>Telefon: +49 (0)911-817 66 60<br \/>\nFax: +49 (0)911-649 22 94<br \/>\nEmail:\u00a0<span id=\"cloak99721\"><a href=\"mailto:info@howe-nuernberg.de\">info@howe-nuernberg.de<\/a><\/span><\/p>\n<p>Amtsgericht N\u00fcrnberg HRA 9568<br \/>\nUmsatzsteueridentifikationsnummer: DE 133495145<\/p>\n<p>&nbsp;<\/p>\n<p><strong>Rechte<\/strong><\/p>\n<p>Es bleiben alle Rechte vorbehalten. Die Inhalte dieser Webseite, insbesondere Bilder, Texte und Animationsdateien sind urheberrechtlich gesch\u00fctzt. Jede Nutzung au\u00dferhalb der engen Grenzen des Urheberrechtsgesetzes ist ohne Zustimmung der Rechteinhaber unzul\u00e4ssig. Das gilt insbesondere f\u00fcr Vervielf\u00e4ltigungen, Verbreitungen, Bearbeitungen, \u00dcbersetzungen und die \u00f6ffentliche Zug\u00e4nglichmachung. Durch die Verwendung gesch\u00fctzter Kennzeichen (z.B. Marken, gesch\u00e4ftliche Bezeichnung, Werktitel) wird kein Recht einger\u00e4umt, die Kennzeichen zu nutzen.<br \/>\n\u00a9 2010 \u2013 2018 HoWe Wurstwaren KG<\/p>\n<p>&nbsp;<\/p>\n<p><strong>Haftungserkl\u00e4rung f\u00fcr Verlinkungen<\/strong><\/p>\n<p>Soweit die Internetpr\u00e4senz der HoWe Wurstwaren KG Links zu fremden Angeboten beinhaltet, macht sich die HoWe Wurstwaren KG diese fremden Seiteninhalte nicht zu Eigen. Sie hat keinen Einfluss auf die fremden Seiteninhalte, \u00fcbernimmt daf\u00fcr keinerlei Verantwortung und distanziert sich ausdr\u00fccklich davon. HoWe Wurstwaren KG hat bei der erstmaligen Verkn\u00fcpfung der externen Links die fremden Inhalte auf etwaige Rechtsverst\u00f6\u00dfe hin \u00fcberpr\u00fcft. Zu diesem Zeitpunkt waren keine Rechtsverst\u00f6\u00dfe erkennbar. Eine dauernde Kontrolle der Rechtm\u00e4\u00dfigkeit des verlinkten Angebotes ohne konkrete Anhaltspunkte einer Rechtsverletzung ist der HoWe Wurstwaren KG nicht zumutbar. Sollten durch die fremden Inhalte Rechte oder gesetzliche Vorschriften verletzt werden, wird die HoWe Wurstwaren KG den Link unverz\u00fcglich beseitigen, sobald ihr die Rechtsverletzung bekannt gemacht wurde.[\/vc_column_text][\/vc_column][\/vc_row]<\/p>\n","protected":false},"excerpt":{"rendered":"<p>[vc_row][vc_column][vc_column_text]Dienstanbieter HoWe Wurstwaren KG Regenstra\u00dfe 1 90451 N\u00fcrnberg Komplement\u00e4rin: Sabine\u00a0St\u00fchler Einzelprokura: Florian Hoene\u00df Telefon: +49 (0)911-817 66 60 Fax: +49 (0)911-649 22 94 Email:\u00a0info@howe-nuernberg.de Amtsgericht N\u00fcrnberg HRA 9568 Umsatzsteueridentifikationsnummer: DE 133495145 &nbsp; Rechte Es bleiben alle Rechte vorbehalten. Die Inhalte dieser Webseite, insbesondere Bilder, Texte und Animationsdateien sind urheberrechtlich gesch\u00fctzt. Jede Nutzung au\u00dferhalb der engen&#8230;<\/p>\n","protected":false},"author":1,"featured_media":0,"parent":0,"menu_order":0,"comment_status":"closed","ping_status":"closed","template":"","meta":{"_monsterinsights_skip_tracking":false,"_monsterinsights_sitenote_active":false,"_monsterinsights_sitenote_note":"","_monsterinsights_sitenote_category":0},"yoast_head":"<!-- This site is optimized with the Yoast SEO plugin v15.2.1 - https:\/\/yoast.com\/wordpress\/plugins\/seo\/ -->\n<title>Impressum | HoWe Bratwurst<\/title>\n<meta name=\"robots\" content=\"index, follow, max-snippet:-1, max-image-preview:large, max-video-preview:-1\" \/>\n<link rel=\"canonical\" href=\"https:\/\/www.bratwurst.jp\/de\/impressum\/\" \/>\n<meta property=\"og:locale\" content=\"de_DE\" \/>\n<meta property=\"og:type\" content=\"article\" \/>\n<meta property=\"og:title\" content=\"Impressum | HoWe Bratwurst\" \/>\n<meta property=\"og:description\" content=\"[vc_row][vc_column][vc_column_text]Dienstanbieter HoWe Wurstwaren KG Regenstra\u00dfe 1 90451 N\u00fcrnberg Komplement\u00e4rin: Sabine\u00a0St\u00fchler Einzelprokura: Florian Hoene\u00df Telefon: +49 (0)911-817 66 60 Fax: +49 (0)911-649 22 94 Email:\u00a0info@howe-nuernberg.de Amtsgericht N\u00fcrnberg HRA 9568 Umsatzsteueridentifikationsnummer: DE 133495145 &nbsp; Rechte Es bleiben alle Rechte vorbehalten. Die Inhalte dieser Webseite, insbesondere Bilder, Texte und Animationsdateien sind urheberrechtlich gesch\u00fctzt. Jede Nutzung au\u00dferhalb der engen...\" \/>\n<meta property=\"og:url\" content=\"https:\/\/www.bratwurst.jp\/de\/impressum\/\" \/>\n<meta property=\"og:site_name\" content=\"HoWe Bratwurst\" \/>\n<meta name=\"twitter:card\" content=\"summary_large_image\" \/>\n<meta name=\"twitter:label1\" content=\"Written by\">\n\t<meta name=\"twitter:data1\" content=\"admin\">\n\t<meta name=\"twitter:label2\" content=\"Est. reading time\">\n\t<meta name=\"twitter:data2\" content=\"1\u00a0Minute\">\n<script type=\"application\/ld+json\" class=\"yoast-schema-graph\">{\"@context\":\"https:\/\/schema.org\",\"@graph\":[{\"@type\":[\"Person\",\"Organization\"],\"@id\":\"https:\/\/www.bratwurst.jp\/#\/schema\/person\/ff873a65f118eedba2ffd6b55d1a1f0a\",\"name\":\"admin\",\"image\":{\"@type\":\"ImageObject\",\"@id\":\"https:\/\/www.bratwurst.jp\/#personlogo\",\"inLanguage\":\"de\",\"url\":\"https:\/\/secure.gravatar.com\/avatar\/2ace8f79aa39cdee5d61be37b8515904?s=96&d=mm&r=g\",\"caption\":\"admin\"},\"logo\":{\"@id\":\"https:\/\/www.bratwurst.jp\/#personlogo\"}},{\"@type\":\"WebSite\",\"@id\":\"https:\/\/www.bratwurst.jp\/#website\",\"url\":\"https:\/\/www.bratwurst.jp\/\",\"name\":\"HoWe Bratwurst\",\"description\":\"HoWe Bratwurst\",\"publisher\":{\"@id\":\"https:\/\/www.bratwurst.jp\/#\/schema\/person\/ff873a65f118eedba2ffd6b55d1a1f0a\"},\"potentialAction\":[{\"@type\":\"SearchAction\",\"target\":\"https:\/\/www.bratwurst.jp\/?s={search_term_string}\",\"query-input\":\"required name=search_term_string\"}],\"inLanguage\":\"de\"},{\"@type\":\"WebPage\",\"@id\":\"https:\/\/www.bratwurst.jp\/de\/impressum\/#webpage\",\"url\":\"https:\/\/www.bratwurst.jp\/de\/impressum\/\",\"name\":\"Impressum | HoWe Bratwurst\",\"isPartOf\":{\"@id\":\"https:\/\/www.bratwurst.jp\/#website\"},\"datePublished\":\"2019-10-31T14:14:11+00:00\",\"dateModified\":\"2019-10-31T14:14:11+00:00\",\"inLanguage\":\"de\",\"potentialAction\":[{\"@type\":\"ReadAction\",\"target\":[\"https:\/\/www.bratwurst.jp\/de\/impressum\/\"]}]}]}<\/script>\n<!-- \/ Yoast SEO plugin. -->","_links":{"self":[{"href":"https:\/\/www.bratwurst.jp\/de\/wp-json\/wp\/v2\/pages\/3461\/"}],"collection":[{"href":"https:\/\/www.bratwurst.jp\/de\/wp-json\/wp\/v2\/pages\/"}],"about":[{"href":"https:\/\/www.bratwurst.jp\/de\/wp-json\/wp\/v2\/types\/page\/"}],"author":[{"embeddable":true,"href":"https:\/\/www.bratwurst.jp\/de\/wp-json\/wp\/v2\/users\/1\/"}],"replies":[{"embeddable":true,"href":"https:\/\/www.bratwurst.jp\/de\/wp-json\/wp\/v2\/comments\/?post=3461"}],"version-history":[{"count":1,"href":"https:\/\/www.bratwurst.jp\/de\/wp-json\/wp\/v2\/pages\/3461\/revisions\/"}],"predecessor-version":[{"id":3462,"href":"https:\/\/www.bratwurst.jp\/de\/wp-json\/wp\/v2\/pages\/3461\/revisions\/3462\/"}],"wp:attachment":[{"href":"https:\/\/www.bratwurst.jp\/de\/wp-json\/wp\/v2\/media\/?parent=3461"}],"curies":[{"name":"wp","href":"https:\/\/api.w.org\/{rel}","templated":true}]}}